{"id":8560,"date":"2026-04-16T17:31:54","date_gmt":"2026-04-16T14:31:54","guid":{"rendered":"https:\/\/tamuskon.org\/?page_id=8560"},"modified":"2026-04-16T18:33:50","modified_gmt":"2026-04-16T15:33:50","slug":"prof-dr-mehmet-sezai-turk-kimdir","status":"publish","type":"page","link":"https:\/\/tamuskon.org\/en\/prof-dr-mehmet-sezai-turk-kimdir\/","title":{"rendered":"Prof. Dr. Mehmet Sezai T\u00dcRK kimdir?"},"content":{"rendered":"<div data-elementor-type=\"wp-page\" data-elementor-id=\"8560\" class=\"elementor elementor-8560\" data-elementor-post-type=\"page\">\n\t\t\t\t<div class=\"elementor-element elementor-element-20f363aa e-con-full e-flex e-con e-parent\" data-id=\"20f363aa\" data-element_type=\"container\" data-e-type=\"container\" data-settings=\"{&quot;background_background&quot;:&quot;classic&quot;}\">\n\t\t\t\t<div class=\"elementor-element elementor-element-2dbf3489 elementor-widget elementor-widget-spacer\" data-id=\"2dbf3489\" data-element_type=\"widget\" data-e-type=\"widget\" data-widget_type=\"spacer.default\">\n\t\t\t\t<div class=\"elementor-widget-container\">\n\t\t\t\t\t\t\t<div class=\"elementor-spacer\">\n\t\t\t<div class=\"elementor-spacer-inner\"><\/div>\n\t\t<\/div>\n\t\t\t\t\t\t<\/div>\n\t\t\t\t<\/div>\n\t\t\t\t<div class=\"elementor-element elementor-element-3b0e5bc4 elementor-widget elementor-widget-heading\" data-id=\"3b0e5bc4\" data-element_type=\"widget\" data-e-type=\"widget\" data-widget_type=\"heading.default\">\n\t\t\t\t<div class=\"elementor-widget-container\">\n\t\t\t\t\t<h2 class=\"elementor-heading-title elementor-size-default\">Prof. Dr. Mehmet Sezai T\u00dcRK kimdir?<\/h2>\t\t\t\t<\/div>\n\t\t\t\t<\/div>\n\t\t\t\t<\/div>\n\t\t\t\t<section class=\"elementor-section elementor-top-section elementor-element elementor-element-25c871f4 elementor-section-full_width elementor-section-height-default elementor-section-height-default\" data-id=\"25c871f4\" data-element_type=\"section\" data-e-type=\"section\">\n\t\t\t\t\t\t\t<div class=\"elementor-background-overlay\"><\/div>\n\t\t\t\t\t\t\t<div class=\"elementor-container elementor-column-gap-no\">\n\t\t\t\t\t<div class=\"elementor-column elementor-col-100 elementor-top-column elementor-element elementor-element-2fdd17b7\" data-id=\"2fdd17b7\" data-element_type=\"column\" data-e-type=\"column\">\n\t\t\t<div class=\"elementor-widget-wrap elementor-element-populated\">\n\t\t\t\t\t\t<section class=\"elementor-section elementor-inner-section elementor-element elementor-element-603b2c74 elementor-section-content-middle elementor-section-boxed elementor-section-height-default elementor-section-height-default\" data-id=\"603b2c74\" data-element_type=\"section\" data-e-type=\"section\" data-settings=\"{&quot;background_background&quot;:&quot;classic&quot;,&quot;shape_divider_top&quot;:&quot;curve-asymmetrical&quot;}\">\n\t\t\t\t\t<div class=\"elementor-shape elementor-shape-top\" aria-hidden=\"true\" data-negative=\"false\">\n\t\t\t<svg xmlns=\"http:\/\/www.w3.org\/2000\/svg\" viewbox=\"0 0 1000 100\" preserveaspectratio=\"none\">\n\t<path class=\"elementor-shape-fill\" d=\"M0,0c0,0,0,6,0,6.7c0,18,240.2,93.6,615.2,92.6C989.8,98.5,1000,25,1000,6.7c0-0.7,0-6.7,0-6.7H0z\"\/>\n<\/svg>\t\t<\/div>\n\t\t\t\t\t<div class=\"elementor-container elementor-column-gap-default\">\n\t\t\t\t\t<div class=\"elementor-column elementor-col-50 elementor-inner-column elementor-element elementor-element-443b4dc3\" data-id=\"443b4dc3\" data-element_type=\"column\" data-e-type=\"column\" data-settings=\"{&quot;background_background&quot;:&quot;classic&quot;}\">\n\t\t\t<div class=\"elementor-widget-wrap elementor-element-populated\">\n\t\t\t\t\t\t<div class=\"elementor-element elementor-element-48d6c702 elementor-widget elementor-widget-image\" data-id=\"48d6c702\" data-element_type=\"widget\" data-e-type=\"widget\" data-widget_type=\"image.default\">\n\t\t\t\t<div class=\"elementor-widget-container\">\n\t\t\t\t\t\t\t\t\t\t\t\t\t\t\t<img fetchpriority=\"high\" decoding=\"async\" width=\"712\" height=\"708\" src=\"https:\/\/tamuskon.org\/wp-content\/uploads\/2026\/04\/mehmet-sezai-turk-2.png\" class=\"attachment-full size-full wp-image-8546\" alt=\"\" srcset=\"https:\/\/tamuskon.org\/wp-content\/uploads\/2026\/04\/mehmet-sezai-turk-2.png 712w, https:\/\/tamuskon.org\/wp-content\/uploads\/2026\/04\/mehmet-sezai-turk-2-300x298.png 300w, https:\/\/tamuskon.org\/wp-content\/uploads\/2026\/04\/mehmet-sezai-turk-2-150x150.png 150w, https:\/\/tamuskon.org\/wp-content\/uploads\/2026\/04\/mehmet-sezai-turk-2-12x12.png 12w\" sizes=\"(max-width: 712px) 100vw, 712px\" \/>\t\t\t\t\t\t\t\t\t\t\t\t\t\t\t<\/div>\n\t\t\t\t<\/div>\n\t\t\t\t\t<\/div>\n\t\t<\/div>\n\t\t\t\t<div class=\"elementor-column elementor-col-50 elementor-inner-column elementor-element elementor-element-143b6f7a\" data-id=\"143b6f7a\" data-element_type=\"column\" data-e-type=\"column\" data-settings=\"{&quot;background_background&quot;:&quot;classic&quot;}\">\n\t\t\t<div class=\"elementor-widget-wrap elementor-element-populated\">\n\t\t\t\t\t\t<div class=\"elementor-element elementor-element-61d135f1 elementor-widget elementor-widget-text-editor\" data-id=\"61d135f1\" data-element_type=\"widget\" data-e-type=\"widget\" data-widget_type=\"text-editor.default\">\n\t\t\t\t<div class=\"elementor-widget-container\">\n\t\t\t\t\t\t\t\t\t<p>Prof. Dr. Mehmet Sezai T\u00fcrk, K\u0131z\u0131l\u0131rmak\u2019ta do\u011fmu\u015f, ilk, orta ve lise \u00f6\u011frenimini \u00c7ank\u0131r\u0131\u2019da tamamlam\u0131\u015ft\u0131r. 1993 y\u0131l\u0131nda Gazi \u00dcniversitesi \u0130leti\u015fim Fak\u00fcltesinden mezun olmu\u015f, 1994 y\u0131l\u0131nda akademik hayat\u0131na ba\u015flam\u0131\u015ft\u0131r. Y\u00fcksek lisans\u0131n\u0131 1997\u2019de, doktoras\u0131n\u0131 2003\u2019te tamamlam\u0131\u015f; 2010 y\u0131l\u0131nda do\u00e7ent, 2017 y\u0131l\u0131nda profes\u00f6r unvan\u0131n\u0131 alm\u0131\u015ft\u0131r. H\u00e2len Ankara Hac\u0131 Bayram Veli \u00dcniversitesi \u0130leti\u015fim Fak\u00fcltesi Radyo, Televizyon ve Sinema B\u00f6l\u00fcm\u00fcnde g\u00f6rev yapmaktad\u0131r.<\/p><p>Akademik ya\u015fam\u0131 boyunca \u00f6\u011fretim \u00fcyeli\u011fi, b\u00f6l\u00fcm ba\u015fkanl\u0131\u011f\u0131, y\u00f6neticilik, dan\u0131\u015fmanl\u0131k ve kurul \u00fcyelikleri gibi \u00e7ok say\u0131da g\u00f6rev \u00fcstlenen Prof. Dr. T\u00fcrk, \u00f6zellikle T\u00fcrk d\u00fcnyas\u0131, T\u00fcrk kimli\u011fi, T\u00fcrk k\u00fclt\u00fcr\u00fc ve T\u00fcrk\u00e7e \u00fczerine yapt\u0131\u011f\u0131 \u00e7al\u0131\u015fmalarla \u00f6ne \u00e7\u0131km\u0131\u015ft\u0131r. Azerbaycan, Kazakistan, K\u0131rg\u0131zistan, \u00d6zbekistan, T\u00fcrkmenistan ve T\u00fcrkiye ba\u015fta olmak \u00fczere T\u00fcrk d\u00fcnyas\u0131 sinemas\u0131 \u00fczerine yaz\u0131lar yay\u0131mlam\u0131\u015f; T\u00fcrk\u00e7e bilmeyen T\u00fcrkler konusunda \u00e7al\u0131\u015fmalar y\u00fcr\u00fctm\u00fc\u015f ve \u00e7e\u015fitli bilimsel programlar\u0131n geli\u015ftirilmesine \u00f6nc\u00fcl\u00fck etmi\u015ftir.<\/p><p>2021 y\u0131l\u0131nda K\u0131rg\u0131zistan-T\u00fcrkiye Manas \u00dcniversitesi \u0130leti\u015fim Fak\u00fcltesine dekan olarak g\u00f6revlendirilen Prof. Dr. T\u00fcrk, 2022-2024 y\u0131llar\u0131 aras\u0131nda burada dekanl\u0131\u011f\u0131n yan\u0131 s\u0131ra rekt\u00f6r dan\u0131\u015fmanl\u0131\u011f\u0131 ve rekt\u00f6r yard\u0131mc\u0131l\u0131\u011f\u0131 g\u00f6revlerini de y\u00fcr\u00fctm\u00fc\u015ft\u00fcr.<\/p><p>Prof. Dr. Mehmet Sezai T\u00fcrk, T\u00fcrk kimli\u011fi ve k\u00fclt\u00fcr\u00fcne sundu\u011fu akademik katk\u0131lar nedeniyle \u201c\u00dcst\u00fcn Hizmet Berat\u0131\u201d, uluslararas\u0131 yay\u0131nlar\u0131 dolay\u0131s\u0131yla Yay\u0131n Te\u015fvik \u00d6d\u00fcl\u00fc, Manas \u00dcniversitesine sa\u011flad\u0131\u011f\u0131 katk\u0131lar nedeniyle K\u0131rg\u0131zistan-T\u00fcrkiye Manas \u00dcniversitesi taraf\u0131ndan 25. Y\u0131l Ni\u015fan\u0131, K\u0131rg\u0131z sinemas\u0131na katk\u0131lar\u0131 dolay\u0131s\u0131yla K\u0131rg\u0131zistan Cumhuriyeti K\u00fclt\u00fcr, Enformasyon, Spor ve Gen\u00e7lik Siyaseti Bakanl\u0131\u011f\u0131 Sinema Departman\u0131 Ba\u015fkanl\u0131\u011f\u0131 taraf\u0131ndan \u00dcst\u00fcn Hizmet Belgesi ve Madalyas\u0131, ayr\u0131ca Azafl\u0131 Sosyal Yard\u0131m ve K\u00fclt\u00fcr Derne\u011fi taraf\u0131ndan T\u00fcrk D\u00fcnyas\u0131na ve T\u00fcrk K\u00fclt\u00fcr\u00fcne Hizmet \u00d6d\u00fcl\u00fc alm\u0131\u015ft\u0131r. 2024 y\u0131l\u0131nda ise T\u00fcrk D\u00fcnyas\u0131 Akademisyenler ve B\u00fcrokratlar Birli\u011fi (TABB\u0130R), \u0130\u00e7 Anadolu Birli\u011fi (\u0130\u00c7AN) ve D\u00fcnya Muhabirleri Birli\u011fi (DJB) T\u00fcrkiye Ba\u015fkanl\u0131\u011f\u0131 taraf\u0131ndan \u201cY\u0131l\u0131n Bilim \u0130nsan\u0131\u201d \u00f6d\u00fcl\u00fc ve plaketine lay\u0131k g\u00f6r\u00fclm\u00fc\u015ft\u00fcr.<\/p>\t\t\t\t\t\t\t\t<\/div>\n\t\t\t\t<\/div>\n\t\t\t\t\t<\/div>\n\t\t<\/div>\n\t\t\t\t\t<\/div>\n\t\t<\/section>\n\t\t\t\t<div class=\"elementor-element elementor-element-95b7539 elementor-widget elementor-widget-spacer\" data-id=\"95b7539\" data-element_type=\"widget\" data-e-type=\"widget\" data-widget_type=\"spacer.default\">\n\t\t\t\t<div class=\"elementor-widget-container\">\n\t\t\t\t\t\t\t<div class=\"elementor-spacer\">\n\t\t\t<div class=\"elementor-spacer-inner\"><\/div>\n\t\t<\/div>\n\t\t\t\t\t\t<\/div>\n\t\t\t\t<\/div>\n\t\t\t\t\t<\/div>\n\t\t<\/div>\n\t\t\t\t\t<\/div>\n\t\t<\/section>\n\t\t<div class=\"elementor-element elementor-element-6b38ad8f e-flex e-con-boxed e-con e-parent\" data-id=\"6b38ad8f\" data-element_type=\"container\" data-e-type=\"container\">\n\t\t\t\t\t<div class=\"e-con-inner\">\n\t\t\t\t<div class=\"elementor-element elementor-element-3353a60c elementor-widget elementor-widget-spacer\" data-id=\"3353a60c\" data-element_type=\"widget\" data-e-type=\"widget\" data-widget_type=\"spacer.default\">\n\t\t\t\t<div class=\"elementor-widget-container\">\n\t\t\t\t\t\t\t<div class=\"elementor-spacer\">\n\t\t\t<div class=\"elementor-spacer-inner\"><\/div>\n\t\t<\/div>\n\t\t\t\t\t\t<\/div>\n\t\t\t\t<\/div>\n\t\t\t\t\t<\/div>\n\t\t\t\t<\/div>\n\t\t\t\t<\/div>","protected":false},"excerpt":{"rendered":"<p>Prof. Dr. Mehmet Sezai T\u00dcRK kimdir? Prof. Dr. Mehmet Sezai T\u00fcrk, K\u0131z\u0131l\u0131rmak\u2019ta do\u011fmu\u015f, ilk, orta ve lise \u00f6\u011frenimini \u00c7ank\u0131r\u0131\u2019da tamamlam\u0131\u015ft\u0131r. 1993 y\u0131l\u0131nda Gazi \u00dcniversitesi \u0130leti\u015fim Fak\u00fcltesinden mezun olmu\u015f, 1994 y\u0131l\u0131nda akademik hayat\u0131na ba\u015flam\u0131\u015ft\u0131r. Y\u00fcksek lisans\u0131n\u0131 1997\u2019de, doktoras\u0131n\u0131 2003\u2019te tamamlam\u0131\u015f; 2010 y\u0131l\u0131nda do\u00e7ent, 2017 y\u0131l\u0131nda profes\u00f6r unvan\u0131n\u0131 alm\u0131\u015ft\u0131r. H\u00e2len Ankara Hac\u0131 Bayram Veli \u00dcniversitesi \u0130leti\u015fim Fak\u00fcltesi [&hellip;]<\/p>\n","protected":false},"author":1,"featured_media":0,"parent":0,"menu_order":0,"comment_status":"closed","ping_status":"closed","template":"elementor_canvas","meta":{"site-sidebar-layout":"no-sidebar","site-content-layout":"page-builder","ast-site-content-layout":"full-width-container","site-content-style":"default","site-sidebar-style":"default","ast-global-header-display":"","ast-banner-title-visibility":"","ast-main-header-display":"","ast-hfb-above-header-display":"","ast-hfb-below-header-display":"","ast-hfb-mobile-header-display":"","site-post-title":"","ast-breadcrumbs-content":"","ast-featured-img":"disabled","footer-sml-layout":"","ast-disable-related-posts":"","theme-transparent-header-meta":"","adv-header-id-meta":"","stick-header-meta":"","header-above-stick-meta":"","header-main-stick-meta":"","header-below-stick-meta":"","astra-migrate-meta-layouts":"default","ast-page-background-enabled":"default","ast-page-background-meta":{"desktop":{"background-color":"var(--ast-global-color-4)","background-image":"","background-repeat":"repeat","background-position":"center center","background-size":"auto","background-attachment":"scroll","background-type":"","background-media":"","overlay-type":"","overlay-color":"","overlay-opacity":"","overlay-gradient":""},"tablet":{"background-color":"","background-image":"","background-repeat":"repeat","background-position":"center center","background-size":"auto","background-attachment":"scroll","background-type":"","background-media":"","overlay-type":"","overlay-color":"","overlay-opacity":"","overlay-gradient":""},"mobile":{"background-color":"","background-image":"","background-repeat":"repeat","background-position":"center center","background-size":"auto","background-attachment":"scroll","background-type":"","background-media":"","overlay-type":"","overlay-color":"","overlay-opacity":"","overlay-gradient":""}},"ast-content-background-meta":{"desktop":{"background-color":"var(--ast-global-color-5)","background-image":"","background-repeat":"repeat","background-position":"center center","background-size":"auto","background-attachment":"scroll","background-type":"","background-media":"","overlay-type":"","overlay-color":"","overlay-opacity":"","overlay-gradient":""},"tablet":{"background-color":"var(--ast-global-color-5)","background-image":"","background-repeat":"repeat","background-position":"center center","background-size":"auto","background-attachment":"scroll","background-type":"","background-media":"","overlay-type":"","overlay-color":"","overlay-opacity":"","overlay-gradient":""},"mobile":{"background-color":"var(--ast-global-color-5)","background-image":"","background-repeat":"repeat","background-position":"center center","background-size":"auto","background-attachment":"scroll","background-type":"","background-media":"","overlay-type":"","overlay-color":"","overlay-opacity":"","overlay-gradient":""}},"footnotes":""},"class_list":["post-8560","page","type-page","status-publish","hentry"],"_links":{"self":[{"href":"https:\/\/tamuskon.org\/en\/wp-json\/wp\/v2\/pages\/8560","targetHints":{"allow":["GET"]}}],"collection":[{"href":"https:\/\/tamuskon.org\/en\/wp-json\/wp\/v2\/pages"}],"about":[{"href":"https:\/\/tamuskon.org\/en\/wp-json\/wp\/v2\/types\/page"}],"author":[{"embeddable":true,"href":"https:\/\/tamuskon.org\/en\/wp-json\/wp\/v2\/users\/1"}],"replies":[{"embeddable":true,"href":"https:\/\/tamuskon.org\/en\/wp-json\/wp\/v2\/comments?post=8560"}],"version-history":[{"count":39,"href":"https:\/\/tamuskon.org\/en\/wp-json\/wp\/v2\/pages\/8560\/revisions"}],"predecessor-version":[{"id":8610,"href":"https:\/\/tamuskon.org\/en\/wp-json\/wp\/v2\/pages\/8560\/revisions\/8610"}],"wp:attachment":[{"href":"https:\/\/tamuskon.org\/en\/wp-json\/wp\/v2\/media?parent=8560"}],"curies":[{"name":"wp","href":"https:\/\/api.w.org\/{rel}","templated":true}]}}