{"id":7104,"date":"2025-05-16T00:18:26","date_gmt":"2025-05-15T21:18:26","guid":{"rendered":"https:\/\/tamuskon.org\/?page_id=7104"},"modified":"2025-05-16T00:19:20","modified_gmt":"2025-05-15T21:19:20","slug":"online","status":"publish","type":"page","link":"https:\/\/tamuskon.org\/en\/online\/","title":{"rendered":"Online Sessions"},"content":{"rendered":"<div data-elementor-type=\"wp-page\" data-elementor-id=\"7104\" class=\"elementor elementor-7104\" data-elementor-post-type=\"page\">\n\t\t\t\t<div class=\"elementor-element elementor-element-35ae89f e-flex e-con-boxed e-con e-parent\" data-id=\"35ae89f\" data-element_type=\"container\" data-e-type=\"container\">\n\t\t\t\t\t<div class=\"e-con-inner\">\n\t\t\t\t<div class=\"elementor-element elementor-element-2bd5f60 elementor-widget elementor-widget-spacer\" data-id=\"2bd5f60\" data-element_type=\"widget\" data-e-type=\"widget\" data-widget_type=\"spacer.default\">\n\t\t\t\t<div class=\"elementor-widget-container\">\n\t\t\t\t\t\t\t<div class=\"elementor-spacer\">\n\t\t\t<div class=\"elementor-spacer-inner\"><\/div>\n\t\t<\/div>\n\t\t\t\t\t\t<\/div>\n\t\t\t\t<\/div>\n\t\t\t\t\t<\/div>\n\t\t\t\t<\/div>\n\t\t<div class=\"elementor-element elementor-element-d3c9eb3 e-con-full e-flex e-con e-parent\" data-id=\"d3c9eb3\" data-element_type=\"container\" data-e-type=\"container\">\n\t\t\t\t<div class=\"elementor-element elementor-element-7d7e7d3 elementor-widget elementor-widget-shortcode\" data-id=\"7d7e7d3\" data-element_type=\"widget\" data-e-type=\"widget\" data-widget_type=\"shortcode.default\">\n\t\t\t\t<div class=\"elementor-widget-container\">\n\t\t\t\t\t\t\t<div class=\"elementor-shortcode\">    <div class=\"tamuskon-session-info online-type\" data-type=\"online\">\n        <h2 class=\"tamuskon-info-title\">Online Session Information<\/h2>\n        \n        <div class=\"tamuskon-info-container\">\n            <div class=\"tamuskon-loading\">Y\u00fckleniyor...<\/div>\n            \n            <!-- Dinamik \u0130\u00e7erik JavaScript ile doldurulacak -->\n            <div class=\"tamuskon-dynamic-content\" style=\"display:none;\">\n                <!-- Kar\u015f\u0131lama Mesaj\u0131 -->\n                <div class=\"tamuskon-welcome\">\n                    <p class=\"welcome-message\"><\/p>\n                <\/div>\n                \n                <!-- Kat\u0131l\u0131mc\u0131lar \u0130\u00e7in Bilgiler -->\n                <div class=\"tamuskon-attendee-info\">\n                    <h3>Information for Participants<\/h3>\n                    <ul class=\"attendee-info-list\">\n                        <li>Use your real name and surname when joining sessions.<\/li>\n                        <li>Please be ready at least 15 minutes before the session you will be attending.<\/li>\n                        <li>If your presentation is in a hybrid session, use the hybrid link; if it is in an online session, use the online link.<\/li>\n                    <\/ul>\n                <\/div>\n                \n                <!-- YouTube Video (Sabah a\u00e7\u0131l\u0131\u015f i\u00e7in) -->\n                <div class=\"tamuskon-video-container\" style=\"display:none;\"><\/div>\n                \n                <!-- Mola Durumu -->\n                <div class=\"tamuskon-break-status\" style=\"display:none;\">\n                    <div class=\"break-box\">\n                        <h3>BREAK<\/h3>\n                        <p class=\"break-message\"><\/p>\n                    <\/div>\n                <\/div>\n                \n                <!-- Aktif Oturum -->\n                <div class=\"tamuskon-current-session\">\n                    <div class=\"session-header\">\n                        <h3>Current Session<\/h3>\n                        <span class=\"no-session-message\" style=\"display:none;\">There are currently no active sessions.<\/span>\n                    <\/div>\n                    \n                    <div class=\"session-details\" style=\"display:none;\">\n                        <div class=\"session-name-time\">\n                            <h4 class=\"session-name\"><\/h4>\n                            <div class=\"session-time\"><\/div>\n                        <\/div>\n                        \n                        <div class=\"session-chair\">\n                            <strong>Moderator<\/strong> <span class=\"chair-name\"><\/span>\n                        <\/div>\n                        \n                        <div class=\"session-presentations\">\n                            <h4>Sunumlar<\/h4>\n                            <ul class=\"presentations-list\"><\/ul>\n                        <\/div>\n                    <\/div>\n                <\/div>\n                \n                <!-- Sonraki Oturum -->\n                <div class=\"tamuskon-next-session\">\n                    <div class=\"session-header\">\n                        <h3>Next Session<\/h3>\n                        <span class=\"no-session-message\" style=\"display:none;\">Planlanm\u0131\u015f oturum bulunmamaktad\u0131r.<\/span>\n                    <\/div>\n                    \n                    <div class=\"session-details\" style=\"display:none;\">\n                        <div class=\"session-countdown\">\n                            <div class=\"countdown-text\">Time left until start:<\/div>\n                            <div class=\"countdown-timer\">\n                                <span class=\"countdown-days\">0<\/span> g\u00fcn\n                                <span class=\"countdown-hours\">0<\/span> saat\n                                <span class=\"countdown-minutes\">0<\/span> dakika\n                                <span class=\"countdown-seconds\">0<\/span> saniye\n                            <\/div>\n                        <\/div>\n                        \n                        <div class=\"session-name-time\">\n                            <h4 class=\"session-name\"><\/h4>\n                            <div class=\"session-time\"><\/div>\n                        <\/div>\n                        \n                        <div class=\"session-chair\">\n                            <strong>Moderator<\/strong> <span class=\"chair-name\"><\/span>\n                        <\/div>\n                    <\/div>\n                <\/div>\n                \n                <!-- Zoom Kat\u0131l\u0131m -->\n                <div class=\"tamuskon-zoom-area\">\n                    <div class=\"zoom-header\">\n                        <h3>Zoom Participation<\/h3>\n                    <\/div>\n                    \n                    <div class=\"zoom-enabled-content\" style=\"display:none;\">\n                        <p>To join the session via Zoom, you can use the link below:<\/p>\n                        <div class=\"zoom-button-container\">\n                            <a href=\"#\" class=\"zoom-button\" target=\"_blank\">\n                                <i class=\"zoom-icon\">\u279c<\/i> Join with Zoom\n                            <\/a>\n                        <\/div>\n                    <\/div>\n                    \n                    <div class=\"zoom-disabled-content\" style=\"display:none;\">\n                        <p class=\"zoom-disabled-message\">Zoom kat\u0131l\u0131m\u0131 \u015fu anda aktif de\u011fildir. L\u00fctfen daha sonra tekrar deneyiniz.<\/p>\n                    <\/div>\n                <\/div>\n                \n                <!-- Kongre Program\u0131 Linki -->\n                <div class=\"tamuskon-program-link\">\n                    <a href=\"https:\/\/tamuskon.org\/en\/kongre-programi\/\" class=\"program-link-button\" target=\"_blank\">\n                        <span class=\"program-link-icon\">\ud83d\udcc4<\/span> View Congress Program\n                    <\/a>\n                <\/div>\n                \n                <!-- Sayfa alt\u0131 notu -->\n                <div class=\"tamuskon-footer-note\">\n                    All times are stated as T\u00fcrkiye Time (TSI \/ GMT+3).\n                <\/div>\n            <\/div>\n        <\/div>\n    <\/div>\n    <\/div>\n\t\t\t\t\t\t<\/div>\n\t\t\t\t<\/div>\n\t\t\t\t<\/div>\n\t\t<div class=\"elementor-element elementor-element-eaad6ba e-flex e-con-boxed e-con e-parent\" data-id=\"eaad6ba\" data-element_type=\"container\" data-e-type=\"container\">\n\t\t\t\t\t<div class=\"e-con-inner\">\n\t\t\t\t<div class=\"elementor-element elementor-element-4698931 elementor-widget elementor-widget-spacer\" data-id=\"4698931\" data-element_type=\"widget\" data-e-type=\"widget\" data-widget_type=\"spacer.default\">\n\t\t\t\t<div class=\"elementor-widget-container\">\n\t\t\t\t\t\t\t<div class=\"elementor-spacer\">\n\t\t\t<div class=\"elementor-spacer-inner\"><\/div>\n\t\t<\/div>\n\t\t\t\t\t\t<\/div>\n\t\t\t\t<\/div>\n\t\t\t\t\t<\/div>\n\t\t\t\t<\/div>\n\t\t\t\t<\/div>","protected":false},"excerpt":{"rendered":"","protected":false},"author":1,"featured_media":0,"parent":0,"menu_order":0,"comment_status":"closed","ping_status":"closed","template":"","meta":{"site-sidebar-layout":"no-sidebar","site-content-layout":"page-builder","ast-site-content-layout":"full-width-container","site-content-style":"default","site-sidebar-style":"default","ast-global-header-display":"disabled","ast-banner-title-visibility":"disabled","ast-main-header-display":"","ast-hfb-above-header-display":"","ast-hfb-below-header-display":"","ast-hfb-mobile-header-display":"","site-post-title":"disabled","ast-breadcrumbs-content":"","ast-featured-img":"disabled","footer-sml-layout":"disabled","ast-disable-related-posts":"","theme-transparent-header-meta":"","adv-header-id-meta":"","stick-header-meta":"","header-above-stick-meta":"","header-main-stick-meta":"","header-below-stick-meta":"","astra-migrate-meta-layouts":"set","ast-page-background-enabled":"default","ast-page-background-meta":{"desktop":{"background-color":"var(--ast-global-color-4)","background-image":"","background-repeat":"repeat","background-position":"center center","background-size":"auto","background-attachment":"scroll","background-type":"","background-media":"","overlay-type":"","overlay-color":"","overlay-opacity":"","overlay-gradient":""},"tablet":{"background-color":"","background-image":"","background-repeat":"repeat","background-position":"center center","background-size":"auto","background-attachment":"scroll","background-type":"","background-media":"","overlay-type":"","overlay-color":"","overlay-opacity":"","overlay-gradient":""},"mobile":{"background-color":"","background-image":"","background-repeat":"repeat","background-position":"center center","background-size":"auto","background-attachment":"scroll","background-type":"","background-media":"","overlay-type":"","overlay-color":"","overlay-opacity":"","overlay-gradient":""}},"ast-content-background-meta":{"desktop":{"background-color":"var(--ast-global-color-5)","background-image":"","background-repeat":"repeat","background-position":"center center","background-size":"auto","background-attachment":"scroll","background-type":"","background-media":"","overlay-type":"","overlay-color":"","overlay-opacity":"","overlay-gradient":""},"tablet":{"background-color":"var(--ast-global-color-5)","background-image":"","background-repeat":"repeat","background-position":"center center","background-size":"auto","background-attachment":"scroll","background-type":"","background-media":"","overlay-type":"","overlay-color":"","overlay-opacity":"","overlay-gradient":""},"mobile":{"background-color":"var(--ast-global-color-5)","background-image":"","background-repeat":"repeat","background-position":"center center","background-size":"auto","background-attachment":"scroll","background-type":"","background-media":"","overlay-type":"","overlay-color":"","overlay-opacity":"","overlay-gradient":""}},"footnotes":""},"class_list":["post-7104","page","type-page","status-publish","hentry"],"_links":{"self":[{"href":"https:\/\/tamuskon.org\/en\/wp-json\/wp\/v2\/pages\/7104","targetHints":{"allow":["GET"]}}],"collection":[{"href":"https:\/\/tamuskon.org\/en\/wp-json\/wp\/v2\/pages"}],"about":[{"href":"https:\/\/tamuskon.org\/en\/wp-json\/wp\/v2\/types\/page"}],"author":[{"embeddable":true,"href":"https:\/\/tamuskon.org\/en\/wp-json\/wp\/v2\/users\/1"}],"replies":[{"embeddable":true,"href":"https:\/\/tamuskon.org\/en\/wp-json\/wp\/v2\/comments?post=7104"}],"version-history":[{"count":4,"href":"https:\/\/tamuskon.org\/en\/wp-json\/wp\/v2\/pages\/7104\/revisions"}],"predecessor-version":[{"id":7108,"href":"https:\/\/tamuskon.org\/en\/wp-json\/wp\/v2\/pages\/7104\/revisions\/7108"}],"wp:attachment":[{"href":"https:\/\/tamuskon.org\/en\/wp-json\/wp\/v2\/media?parent=7104"}],"curies":[{"name":"wp","href":"https:\/\/api.w.org\/{rel}","templated":true}]}}