{"id":4631,"date":"2024-03-14T22:18:00","date_gmt":"2024-03-14T19:18:00","guid":{"rendered":"https:\/\/tamuskon.org\/?page_id=4631"},"modified":"2026-03-05T17:01:21","modified_gmt":"2026-03-05T14:01:21","slug":"kongre-ucreti","status":"publish","type":"page","link":"https:\/\/tamuskon.org\/en\/kongre-ucreti\/","title":{"rendered":"Congress Fee"},"content":{"rendered":"<div data-elementor-type=\"wp-page\" data-elementor-id=\"4631\" class=\"elementor elementor-4631\" data-elementor-post-type=\"page\">\n\t\t\t\t<div class=\"elementor-element elementor-element-3f07874d e-con-full e-flex e-con e-parent\" data-id=\"3f07874d\" data-element_type=\"container\" data-e-type=\"container\" data-settings=\"{&quot;background_background&quot;:&quot;classic&quot;}\">\n\t\t\t\t<div class=\"elementor-element elementor-element-51af0d49 elementor-widget elementor-widget-spacer\" data-id=\"51af0d49\" data-element_type=\"widget\" data-e-type=\"widget\" data-widget_type=\"spacer.default\">\n\t\t\t\t<div class=\"elementor-widget-container\">\n\t\t\t\t\t\t\t<div class=\"elementor-spacer\">\n\t\t\t<div class=\"elementor-spacer-inner\"><\/div>\n\t\t<\/div>\n\t\t\t\t\t\t<\/div>\n\t\t\t\t<\/div>\n\t\t\t\t<div class=\"elementor-element elementor-element-4c594984 elementor-widget elementor-widget-heading\" data-id=\"4c594984\" data-element_type=\"widget\" data-e-type=\"widget\" data-widget_type=\"heading.default\">\n\t\t\t\t<div class=\"elementor-widget-container\">\n\t\t\t\t\t<h2 class=\"elementor-heading-title elementor-size-default\">Congress Fee<\/h2>\t\t\t\t<\/div>\n\t\t\t\t<\/div>\n\t\t\t\t<\/div>\n\t\t<div class=\"elementor-element elementor-element-07629c0 e-flex e-con-boxed e-con e-parent\" data-id=\"07629c0\" data-element_type=\"container\" data-e-type=\"container\">\n\t\t\t\t\t<div class=\"e-con-inner\">\n\t\t\t\t<div class=\"elementor-element elementor-element-ee97273 elementor-widget elementor-widget-spacer\" data-id=\"ee97273\" data-element_type=\"widget\" data-e-type=\"widget\" data-widget_type=\"spacer.default\">\n\t\t\t\t<div class=\"elementor-widget-container\">\n\t\t\t\t\t\t\t<div class=\"elementor-spacer\">\n\t\t\t<div class=\"elementor-spacer-inner\"><\/div>\n\t\t<\/div>\n\t\t\t\t\t\t<\/div>\n\t\t\t\t<\/div>\n\t\t\t\t\t<\/div>\n\t\t\t\t<\/div>\n\t\t<div class=\"elementor-element elementor-element-3a80c97 e-flex e-con-boxed e-con e-parent\" data-id=\"3a80c97\" data-element_type=\"container\" data-e-type=\"container\">\n\t\t\t\t\t<div class=\"e-con-inner\">\n\t\t<div class=\"elementor-element elementor-element-595b8e1 e-con-full e-flex e-con e-child\" data-id=\"595b8e1\" data-element_type=\"container\" data-e-type=\"container\">\n\t\t\t\t<\/div>\n\t\t\t\t\t<\/div>\n\t\t\t\t<\/div>\n\t\t<div class=\"elementor-element elementor-element-fbc3902 e-flex e-con-boxed e-con e-parent\" data-id=\"fbc3902\" data-element_type=\"container\" data-e-type=\"container\">\n\t\t\t\t\t<div class=\"e-con-inner\">\n\t\t<div class=\"elementor-element elementor-element-c94b7a4 e-con-full e-flex e-con e-child\" data-id=\"c94b7a4\" data-element_type=\"container\" data-e-type=\"container\">\n\t\t<div class=\"elementor-element elementor-element-acead95 e-con-full e-flex e-con e-child\" data-id=\"acead95\" data-element_type=\"container\" data-e-type=\"container\">\n\t\t<div class=\"elementor-element elementor-element-92b9cd7 e-con-full e-flex e-con e-child\" data-id=\"92b9cd7\" data-element_type=\"container\" data-e-type=\"container\" data-settings=\"{&quot;background_background&quot;:&quot;classic&quot;}\">\n\t\t\t\t<div class=\"elementor-element elementor-element-d28cdde elementor-widget elementor-widget-text-editor\" data-id=\"d28cdde\" data-element_type=\"widget\" data-e-type=\"widget\" data-widget_type=\"text-editor.default\">\n\t\t\t\t<div class=\"elementor-widget-container\">\n\t\t\t\t\t\t\t\t\t<p style=\"text-align: center;\">&#8230;<\/p>\t\t\t\t\t\t\t\t<\/div>\n\t\t\t\t<\/div>\n\t\t<div class=\"elementor-element elementor-element-3804da0 e-flex e-con-boxed e-con e-child\" data-id=\"3804da0\" data-element_type=\"container\" data-e-type=\"container\" data-settings=\"{&quot;background_background&quot;:&quot;classic&quot;}\">\n\t\t\t\t\t<div class=\"e-con-inner\">\n\t\t\t\t<div class=\"elementor-element elementor-element-48b9f33 elementor-widget elementor-widget-spacer\" data-id=\"48b9f33\" data-element_type=\"widget\" data-e-type=\"widget\" data-widget_type=\"spacer.default\">\n\t\t\t\t<div class=\"elementor-widget-container\">\n\t\t\t\t\t\t\t<div class=\"elementor-spacer\">\n\t\t\t<div class=\"elementor-spacer-inner\"><\/div>\n\t\t<\/div>\n\t\t\t\t\t\t<\/div>\n\t\t\t\t<\/div>\n\t\t\t\t<div class=\"elementor-element elementor-element-ec8ad74 elementor-widget elementor-widget-heading\" data-id=\"ec8ad74\" data-element_type=\"widget\" data-e-type=\"widget\" data-widget_type=\"heading.default\">\n\t\t\t\t<div class=\"elementor-widget-container\">\n\t\t\t\t\t<h2 class=\"elementor-heading-title elementor-size-default\">50 USD<\/h2>\t\t\t\t<\/div>\n\t\t\t\t<\/div>\n\t\t\t\t<div class=\"elementor-element elementor-element-3f4dbd5 elementor-widget elementor-widget-text-editor\" data-id=\"3f4dbd5\" data-element_type=\"widget\" data-e-type=\"widget\" data-widget_type=\"text-editor.default\">\n\t\t\t\t<div class=\"elementor-widget-container\">\n\t\t\t\t\t\t\t\t\t<p>Online or physical participation<\/p>\t\t\t\t\t\t\t\t<\/div>\n\t\t\t\t<\/div>\n\t\t\t\t<div class=\"elementor-element elementor-element-f49b96b elementor-align-center elementor-widget elementor-widget-button\" data-id=\"f49b96b\" data-element_type=\"widget\" data-e-type=\"widget\" data-widget_type=\"button.default\">\n\t\t\t\t<div class=\"elementor-widget-container\">\n\t\t\t\t\t\t\t\t\t<div class=\"elementor-button-wrapper\">\n\t\t\t\t\t<a class=\"elementor-button elementor-button-link elementor-size-sm\" href=\"https:\/\/kayit.tamuskon.org\">\n\t\t\t\t\t\t<span class=\"elementor-button-content-wrapper\">\n\t\t\t\t\t\t\t\t\t<span class=\"elementor-button-text\">Submit Abstract<\/span>\n\t\t\t\t\t<\/span>\n\t\t\t\t\t<\/a>\n\t\t\t\t<\/div>\n\t\t\t\t\t\t\t\t<\/div>\n\t\t\t\t<\/div>\n\t\t\t\t\t<\/div>\n\t\t\t\t<\/div>\n\t\t\t\t<\/div>\n\t\t\t\t<\/div>\n\t\t\t\t<\/div>\n\t\t\t\t\t<\/div>\n\t\t\t\t<\/div>\n\t\t<div class=\"elementor-element elementor-element-c3a6707 e-flex e-con-boxed e-con e-parent\" data-id=\"c3a6707\" data-element_type=\"container\" data-e-type=\"container\">\n\t\t\t\t\t<div class=\"e-con-inner\">\n\t\t\t\t<div class=\"elementor-element elementor-element-6c24a71 elementor-widget elementor-widget-html\" data-id=\"6c24a71\" data-element_type=\"widget\" data-e-type=\"widget\" data-widget_type=\"html.default\">\n\t\t\t\t<div class=\"elementor-widget-container\">\n\t\t\t\t\t<style>\r\n\/* --- Flat & Clean Payment Styles (EN) --- *\/\r\n:root {\r\n  --p-primary: #2563eb;\r\n  --p-text: #334155;\r\n  --p-border: #e2e8f0;\r\n  --p-alert-bg: #fff7ed;\r\n  --p-alert-text: #9a3412;\r\n  --p-success: #16a34a;\r\n}\r\n\r\n.modern-payment-wrapper {\r\n  font-family: -apple-system, BlinkMacSystemFont, \"Segoe UI\", Roboto, Helvetica, Arial, sans-serif;\r\n  color: var(--p-text);\r\n  line-height: 1.6;\r\n  max-width: 800px;\r\n  margin: 0 auto;\r\n  background: transparent;\r\n  box-shadow: none;\r\n  border: none;\r\n  padding: 0;\r\n}\r\n\r\n\/* Alert Box *\/\r\n.p-alert {\r\n  background-color: var(--p-alert-bg);\r\n  color: var(--p-alert-text);\r\n  padding: 12px 16px;\r\n  border-radius: 6px;\r\n  border-left: 4px solid #f97316;\r\n  margin-bottom: 24px;\r\n  font-size: 0.95em;\r\n}\r\n\r\n.p-alert strong {\r\n  display: block;\r\n  margin-bottom: 4px;\r\n  font-size: 1.1em;\r\n}\r\n\r\n\/* Info List *\/\r\n.p-info-list {\r\n  list-style: none;\r\n  padding: 0;\r\n  margin: 0 0 24px 0;\r\n}\r\n\r\n.p-info-list li {\r\n  position: relative;\r\n  padding-left: 24px;\r\n  margin-bottom: 10px;\r\n  font-size: 0.95em;\r\n}\r\n\r\n.p-info-list li::before {\r\n  content: \"\u2713\";\r\n  position: absolute;\r\n  left: 0;\r\n  top: 0;\r\n  color: var(--p-primary);\r\n  font-weight: bold;\r\n}\r\n\r\n\/* Section Title *\/\r\n.p-section-title {\r\n  font-size: 1.25em;\r\n  font-weight: 700;\r\n  color: #1e293b;\r\n  margin: 0 0 20px 0;\r\n  display: flex;\r\n  align-items: center;\r\n  gap: 10px;\r\n  border-bottom: 2px solid var(--p-border);\r\n  padding-bottom: 10px;\r\n}\r\n\r\n.p-section-title svg {\r\n  width: 24px;\r\n  height: 24px;\r\n  color: var(--p-primary);\r\n}\r\n\r\n\/* Grid Layout *\/\r\n.bank-grid {\r\n  display: grid;\r\n  gap: 20px;\r\n}\r\n\r\n\/* Row Style *\/\r\n.bank-row {\r\n  background: transparent;\r\n  padding: 0;\r\n  border: none;\r\n  border-bottom: 1px solid var(--p-border);\r\n  padding-bottom: 15px;\r\n}\r\n\r\n.bank-row:last-child {\r\n  border-bottom: none;\r\n}\r\n\r\n.bank-label {\r\n  font-size: 0.85em;\r\n  text-transform: uppercase;\r\n  letter-spacing: 0.05em;\r\n  color: #64748b;\r\n  margin-bottom: 6px;\r\n  font-weight: 600;\r\n  display: block;\r\n}\r\n\r\n.bank-value {\r\n  display: flex;\r\n  align-items: center;\r\n  justify-content: space-between;\r\n  gap: 10px;\r\n  font-weight: 500;\r\n  color: #0f172a;\r\n  font-size: 1.05em;\r\n}\r\n\r\n\/* IBAN Font *\/\r\n.iban-text {\r\n  font-family: 'Courier New', Courier, monospace;\r\n  font-weight: 700;\r\n  letter-spacing: 0.5px;\r\n  word-break: break-all;\r\n}\r\n\r\n\/* Copy Button *\/\r\n.copy-btn {\r\n  display: inline-flex;\r\n  align-items: center;\r\n  justify-content: center;\r\n  background: transparent;\r\n  border: 1px solid var(--p-border);\r\n  border-radius: 4px;\r\n  padding: 4px 8px;\r\n  cursor: pointer;\r\n  font-size: 0.75em;\r\n  color: #64748b;\r\n  transition: all 0.2s;\r\n  white-space: nowrap;\r\n  min-width: 70px;\r\n}\r\n\r\n.copy-btn:hover {\r\n  border-color: var(--p-primary);\r\n  color: var(--p-primary);\r\n  background: #eff6ff;\r\n}\r\n\r\n.copy-btn svg {\r\n  width: 12px;\r\n  height: 12px;\r\n  margin-right: 4px;\r\n}\r\n\r\n.copy-btn.copied {\r\n  background-color: var(--p-success);\r\n  border-color: var(--p-success);\r\n  color: white;\r\n}\r\n\r\n.copy-btn.copied svg {\r\n  fill: white;\r\n}\r\n\r\n\/* Layout Utilities *\/\r\n.row-full {\r\n  grid-column: 1 \/ -1;\r\n}\r\n\r\n.row-half {\r\n  grid-column: span 1;\r\n}\r\n\r\n@media (max-width: 600px) {\r\n  .row-half {\r\n    grid-column: 1 \/ -1;\r\n  }\r\n}\r\n\r\n<\/style>\r\n\r\n<div class=\"modern-payment-wrapper\">\r\n\r\n  <!-- Alert Note -->\r\n  <div class=\"p-alert\">\r\n    <strong>\u26a0\ufe0f Important Note<\/strong>\r\n    Travel and accommodation expenses are not included in the congress fee. These expenses must be covered by the participants.\r\n  <\/div>\r\n\r\n  <!-- Info List -->\r\n  <ul class=\"p-info-list\">\r\n    <li>The fee is charged <strong>per paper<\/strong>. No additional fee is charged for papers with multiple authors.<\/li>\r\n    <li>Submitting a paper to our congress is free. Submitted papers are evaluated by our review committee free of charge.<\/li>\r\n    <li>The fee must be paid after the paper is accepted. No fee is requested if the paper is rejected.<\/li>\r\n  <\/ul>\r\n\r\n  <!-- Bank Details -->\r\n  <h3 class=\"p-section-title\">\r\n    <svg xmlns=\"http:\/\/www.w3.org\/2000\/svg\" fill=\"none\" viewbox=\"0 0 24 24\" stroke=\"currentColor\" stroke-width=\"2\">\r\n      <path stroke-linecap=\"round\" stroke-linejoin=\"round\" d=\"M8 14v3m4-3v3m4-3v3M3 21h18M3 10h18M3 7l9-4 9 4M4 10h16v11H4V10z\" \/>\r\n    <\/svg>\r\n    Bank Account Details\r\n  <\/h3>\r\n  \r\n  <p style=\"margin-bottom: 20px; font-size: 0.9em; color: #64748b;\">\r\n    The registration fee organization is provided by <strong>Ayd\u0131n Adnan Menderes University Communication Faculty<\/strong>. Payments can be made via <strong>Bank Transfer \/ Wire Transfer<\/strong>.\r\n  <\/p>\r\n\r\n  <div class=\"bank-grid\">\r\n    \r\n    <!-- 1. ROW: Beneficiary Name (Full Width) -->\r\n    <div class=\"bank-row row-full\">\r\n      <div class=\"bank-label\">Beneficiary Name<\/div>\r\n      <div class=\"bank-value\">\r\n        <span id=\"alici\">Ayd\u0131n Adnan Menderes \u00dcniversitesi \u0130leti\u015fim Fak\u00fcltesi D\u00f6ner Sermaye Birimi<\/span>\r\n        <button class=\"copy-btn\" data-copy=\"alici\">\r\n          <svg xmlns=\"http:\/\/www.w3.org\/2000\/svg\" fill=\"none\" viewbox=\"0 0 24 24\" stroke=\"currentColor\"><path stroke-linecap=\"round\" stroke-linejoin=\"round\" stroke-width=\"2\" d=\"M8 16H6a2 2 0 01-2-2V6a2 2 0 012-2h8a2 2 0 012 2v2m-6 12h8a2 2 0 002-2v-8a2 2 0 00-2-2h-8a2 2 0 00-2 2v8a2 2 0 002 2z\" \/><\/svg>\r\n          Copy\r\n        <\/button>\r\n      <\/div>\r\n    <\/div>\r\n\r\n    <!-- 2. ROW: IBAN (Full Width) -->\r\n    <div class=\"bank-row row-full\">\r\n      <div class=\"bank-label\">IBAN Number<\/div>\r\n      <div class=\"bank-value\">\r\n        <span id=\"iban\" class=\"iban-text\">TR35 0001 0000 3392 0885 1050 01<\/span>\r\n        <button class=\"copy-btn\" data-copy=\"iban\">\r\n          <svg xmlns=\"http:\/\/www.w3.org\/2000\/svg\" fill=\"none\" viewbox=\"0 0 24 24\" stroke=\"currentColor\"><path stroke-linecap=\"round\" stroke-linejoin=\"round\" stroke-width=\"2\" d=\"M8 16H6a2 2 0 01-2-2V6a2 2 0 012-2h8a2 2 0 012 2v2m-6 12h8a2 2 0 002-2v-8a2 2 0 00-2-2h-8a2 2 0 00-2 2v8a2 2 0 002 2z\" \/><\/svg>\r\n          Copy\r\n        <\/button>\r\n      <\/div>\r\n    <\/div>\r\n\r\n    <!-- 3. ROW: Bank & SWIFT (Side by Side) -->\r\n    \r\n    <!-- Bank Name -->\r\n    <div class=\"bank-row row-half\">\r\n      <div class=\"bank-label\">Bank Name<\/div>\r\n      <div class=\"bank-value\">\r\n        <span>T.C. Ziraat Bankas\u0131<\/span>\r\n      <\/div>\r\n    <\/div>\r\n\r\n    <!-- SWIFT Code -->\r\n    <div class=\"bank-row row-half\">\r\n      <div class=\"bank-label\">SWIFT \/ BIC Code<\/div>\r\n      <div class=\"bank-value\">\r\n        <span id=\"swift\">TCZBTR2AXXX<\/span>\r\n        <button class=\"copy-btn\" data-copy=\"swift\">\r\n          <svg xmlns=\"http:\/\/www.w3.org\/2000\/svg\" fill=\"none\" viewbox=\"0 0 24 24\" stroke=\"currentColor\"><path stroke-linecap=\"round\" stroke-linejoin=\"round\" stroke-width=\"2\" d=\"M8 16H6a2 2 0 01-2-2V6a2 2 0 012-2h8a2 2 0 012 2v2m-6 12h8a2 2 0 002-2v-8a2 2 0 00-2-2h-8a2 2 0 00-2 2v8a2 2 0 002 2z\" \/><\/svg>\r\n          Copy\r\n        <\/button>\r\n      <\/div>\r\n    <\/div>\r\n\r\n  <\/div>\r\n<\/div>\r\n\r\n<script>\r\n(function () {\r\n  async function copyText(text) {\r\n    if (navigator.clipboard && window.isSecureContext) {\r\n      return navigator.clipboard.writeText(text);\r\n    }\r\n    const ta = document.createElement(\"textarea\");\r\n    ta.value = text;\r\n    document.body.appendChild(ta);\r\n    ta.select();\r\n    document.execCommand(\"copy\");\r\n    document.body.removeChild(ta);\r\n  }\r\n\r\n  document.querySelectorAll(\".copy-btn\").forEach(btn => {\r\n    btn.addEventListener(\"click\", async () => {\r\n      const id = btn.getAttribute(\"data-copy\");\r\n      const text = document.getElementById(id).innerText.trim().replace(\/\\s+\/g, ' ');\r\n      \r\n      const originalContent = btn.innerHTML;\r\n      \r\n      try {\r\n        await copyText(text);\r\n        \r\n        btn.classList.add(\"copied\");\r\n        btn.innerHTML = `\r\n          <svg xmlns=\"http:\/\/www.w3.org\/2000\/svg\" fill=\"none\" viewBox=\"0 0 24 24\" stroke=\"currentColor\"><path stroke-linecap=\"round\" stroke-linejoin=\"round\" stroke-width=\"2\" d=\"M5 13l4 4L19 7\" \/><\/svg>\r\n          Copied\r\n        `;\r\n        \r\n        setTimeout(() => {\r\n          btn.classList.remove(\"copied\");\r\n          btn.innerHTML = originalContent;\r\n        }, 2000);\r\n        \r\n      } catch(e) {\r\n        console.error(\"Copy error:\", e);\r\n      }\r\n    });\r\n  });\r\n})();\r\n<\/script>\t\t\t\t<\/div>\n\t\t\t\t<\/div>\n\t\t\t\t\t<\/div>\n\t\t\t\t<\/div>\n\t\t<div class=\"elementor-element elementor-element-6b83efc e-flex e-con-boxed e-con e-parent\" data-id=\"6b83efc\" data-element_type=\"container\" data-e-type=\"container\">\n\t\t\t\t\t<div class=\"e-con-inner\">\n\t\t\t\t<div class=\"elementor-element elementor-element-6a60447 elementor-widget elementor-widget-spacer\" data-id=\"6a60447\" data-element_type=\"widget\" data-e-type=\"widget\" data-widget_type=\"spacer.default\">\n\t\t\t\t<div class=\"elementor-widget-container\">\n\t\t\t\t\t\t\t<div class=\"elementor-spacer\">\n\t\t\t<div class=\"elementor-spacer-inner\"><\/div>\n\t\t<\/div>\n\t\t\t\t\t\t<\/div>\n\t\t\t\t<\/div>\n\t\t\t\t\t<\/div>\n\t\t\t\t<\/div>\n\t\t\t\t<\/div>","protected":false},"excerpt":{"rendered":"<p>&#8230; 1.500 TL Online veya fiziki kat\u0131l\u0131m Bildiri \u00d6zeti G\u00f6nder &#8230; 50 USD Online or physical participation Submit Abstract \u26a0\ufe0f \u00d6nemli Not Kongre \u00fccretine yol ve konaklama masraf\u0131 dahil de\u011fildir. Bu masraflar kat\u0131l\u0131mc\u0131lar taraf\u0131ndan kar\u015f\u0131lanmal\u0131d\u0131r. \u00dccret bildiri ba\u015f\u0131na al\u0131nmaktad\u0131r. Birden fazla yazarl\u0131 bildirilerde ek \u00fccret al\u0131nmaz. Kongremize bildiri g\u00f6ndermek ve de\u011ferlendirme s\u00fcreci tamamen \u00fccretsizdir. \u00dccret, [&hellip;]<\/p>\n","protected":false},"author":1,"featured_media":0,"parent":0,"menu_order":0,"comment_status":"closed","ping_status":"closed","template":"","meta":{"site-sidebar-layout":"no-sidebar","site-content-layout":"page-builder","ast-site-content-layout":"full-width-container","site-content-style":"default","site-sidebar-style":"default","ast-global-header-display":"disabled","ast-banner-title-visibility":"disabled","ast-main-header-display":"","ast-hfb-above-header-display":"","ast-hfb-below-header-display":"","ast-hfb-mobile-header-display":"","site-post-title":"disabled","ast-breadcrumbs-content":"","ast-featured-img":"disabled","footer-sml-layout":"","ast-disable-related-posts":"","theme-transparent-header-meta":"","adv-header-id-meta":"","stick-header-meta":"","header-above-stick-meta":"","header-main-stick-meta":"","header-below-stick-meta":"","astra-migrate-meta-layouts":"set","ast-page-background-enabled":"default","ast-page-background-meta":{"desktop":{"background-color":"var(--ast-global-color-4)","background-image":"","background-repeat":"repeat","background-position":"center center","background-size":"auto","background-attachment":"scroll","background-type":"","background-media":"","overlay-type":"","overlay-color":"","overlay-opacity":"","overlay-gradient":""},"tablet":{"background-color":"","background-image":"","background-repeat":"repeat","background-position":"center center","background-size":"auto","background-attachment":"scroll","background-type":"","background-media":"","overlay-type":"","overlay-color":"","overlay-opacity":"","overlay-gradient":""},"mobile":{"background-color":"","background-image":"","background-repeat":"repeat","background-position":"center center","background-size":"auto","background-attachment":"scroll","background-type":"","background-media":"","overlay-type":"","overlay-color":"","overlay-opacity":"","overlay-gradient":""}},"ast-content-background-meta":{"desktop":{"background-color":"var(--ast-global-color-5)","background-image":"","background-repeat":"repeat","background-position":"center center","background-size":"auto","background-attachment":"scroll","background-type":"","background-media":"","overlay-type":"","overlay-color":"","overlay-opacity":"","overlay-gradient":""},"tablet":{"background-color":"var(--ast-global-color-5)","background-image":"","background-repeat":"repeat","background-position":"center center","background-size":"auto","background-attachment":"scroll","background-type":"","background-media":"","overlay-type":"","overlay-color":"","overlay-opacity":"","overlay-gradient":""},"mobile":{"background-color":"var(--ast-global-color-5)","background-image":"","background-repeat":"repeat","background-position":"center center","background-size":"auto","background-attachment":"scroll","background-type":"","background-media":"","overlay-type":"","overlay-color":"","overlay-opacity":"","overlay-gradient":""}},"footnotes":""},"class_list":["post-4631","page","type-page","status-publish","hentry"],"_links":{"self":[{"href":"https:\/\/tamuskon.org\/en\/wp-json\/wp\/v2\/pages\/4631","targetHints":{"allow":["GET"]}}],"collection":[{"href":"https:\/\/tamuskon.org\/en\/wp-json\/wp\/v2\/pages"}],"about":[{"href":"https:\/\/tamuskon.org\/en\/wp-json\/wp\/v2\/types\/page"}],"author":[{"embeddable":true,"href":"https:\/\/tamuskon.org\/en\/wp-json\/wp\/v2\/users\/1"}],"replies":[{"embeddable":true,"href":"https:\/\/tamuskon.org\/en\/wp-json\/wp\/v2\/comments?post=4631"}],"version-history":[{"count":33,"href":"https:\/\/tamuskon.org\/en\/wp-json\/wp\/v2\/pages\/4631\/revisions"}],"predecessor-version":[{"id":8389,"href":"https:\/\/tamuskon.org\/en\/wp-json\/wp\/v2\/pages\/4631\/revisions\/8389"}],"wp:attachment":[{"href":"https:\/\/tamuskon.org\/en\/wp-json\/wp\/v2\/media?parent=4631"}],"curies":[{"name":"wp","href":"https:\/\/api.w.org\/{rel}","templated":true}]}}