{"id":4618,"date":"2024-03-14T22:06:08","date_gmt":"2024-03-14T19:06:08","guid":{"rendered":"https:\/\/tamuskon.org\/?page_id=4618"},"modified":"2026-03-05T17:01:32","modified_gmt":"2026-03-05T14:01:32","slug":"onemli-tarihler","status":"publish","type":"page","link":"https:\/\/tamuskon.org\/en\/onemli-tarihler\/","title":{"rendered":"Important Dates"},"content":{"rendered":"<div data-elementor-type=\"wp-page\" data-elementor-id=\"4618\" class=\"elementor elementor-4618\" data-elementor-post-type=\"page\">\n\t\t\t\t<div class=\"elementor-element elementor-element-384116cf e-con-full e-flex e-con e-parent\" data-id=\"384116cf\" data-element_type=\"container\" data-e-type=\"container\" data-settings=\"{&quot;background_background&quot;:&quot;classic&quot;}\">\n\t\t\t\t<div class=\"elementor-element elementor-element-abf3299 elementor-widget elementor-widget-spacer\" data-id=\"abf3299\" data-element_type=\"widget\" data-e-type=\"widget\" data-widget_type=\"spacer.default\">\n\t\t\t\t<div class=\"elementor-widget-container\">\n\t\t\t\t\t\t\t<div class=\"elementor-spacer\">\n\t\t\t<div class=\"elementor-spacer-inner\"><\/div>\n\t\t<\/div>\n\t\t\t\t\t\t<\/div>\n\t\t\t\t<\/div>\n\t\t\t\t<div class=\"elementor-element elementor-element-b602da4 elementor-widget elementor-widget-heading\" data-id=\"b602da4\" data-element_type=\"widget\" data-e-type=\"widget\" data-widget_type=\"heading.default\">\n\t\t\t\t<div class=\"elementor-widget-container\">\n\t\t\t\t\t<h2 class=\"elementor-heading-title elementor-size-default\">Important Dates<\/h2>\t\t\t\t<\/div>\n\t\t\t\t<\/div>\n\t\t\t\t<\/div>\n\t\t<div class=\"elementor-element elementor-element-859861c e-flex e-con-boxed e-con e-parent\" data-id=\"859861c\" data-element_type=\"container\" data-e-type=\"container\">\n\t\t\t\t\t<div class=\"e-con-inner\">\n\t\t\t\t<div class=\"elementor-element elementor-element-c7dada5 elementor-widget elementor-widget-spacer\" data-id=\"c7dada5\" data-element_type=\"widget\" data-e-type=\"widget\" data-widget_type=\"spacer.default\">\n\t\t\t\t<div class=\"elementor-widget-container\">\n\t\t\t\t\t\t\t<div class=\"elementor-spacer\">\n\t\t\t<div class=\"elementor-spacer-inner\"><\/div>\n\t\t<\/div>\n\t\t\t\t\t\t<\/div>\n\t\t\t\t<\/div>\n\t\t\t\t\t<\/div>\n\t\t\t\t<\/div>\n\t\t<div class=\"elementor-element elementor-element-c846221 e-flex e-con-boxed e-con e-parent\" data-id=\"c846221\" data-element_type=\"container\" data-e-type=\"container\">\n\t\t\t\t\t<div class=\"e-con-inner\">\n\t\t\t\t<div class=\"elementor-element elementor-element-6e00299 elementor-widget elementor-widget-html\" data-id=\"6e00299\" data-element_type=\"widget\" data-e-type=\"widget\" data-widget_type=\"html.default\">\n\t\t\t\t<div class=\"elementor-widget-container\">\n\t\t\t\t\t<style>\r\n\/* --- Important Dates Styles --- *\/\r\n\r\n.dates-container {\r\n  max-width: 900px;\r\n  margin: 40px auto;\r\n  padding: 0 20px;\r\n  font-family: inherit;\r\n}\r\n\r\n.dates-title {\r\n  text-align: center;\r\n  font-size: 1.8em;\r\n  font-weight: 700;\r\n  color: #222;\r\n  margin-bottom: 30px;\r\n  position: relative;\r\n  display: inline-block;\r\n  left: 50%;\r\n  transform: translateX(-50%);\r\n}\r\n\r\n.dates-title::after {\r\n  content: '';\r\n  display: block;\r\n  width: 60px;\r\n  height: 3px;\r\n  background: #222;\r\n  margin: 10px auto 0;\r\n  border-radius: 2px;\r\n}\r\n\r\n.dates-grid {\r\n  display: grid;\r\n  grid-template-columns: repeat(auto-fit, minmax(200px, 1fr));\r\n  gap: 20px;\r\n}\r\n\r\n.date-card {\r\n  background: #fff;\r\n  border: 1px solid #dcdcde;\r\n  border-radius: 8px;\r\n  padding: 24px;\r\n  text-align: center;\r\n  transition: all 0.3s ease;\r\n  position: relative;\r\n  overflow: hidden;\r\n  box-shadow: 0 2px 8px rgba(0,0,0,0.04);\r\n}\r\n\r\n.date-card:hover {\r\n  transform: translateY(-5px);\r\n  box-shadow: 0 8px 20px rgba(0,0,0,0.08);\r\n  border-color: #222;\r\n}\r\n\r\n.date-box {\r\n  background: #f6f7f7;\r\n  border-radius: 6px;\r\n  padding: 12px;\r\n  margin-bottom: 16px;\r\n  border: 1px solid #e5e5e5;\r\n}\r\n\r\n.date-day {\r\n  display: block;\r\n  font-size: 2em;\r\n  font-weight: 800;\r\n  color: #222;\r\n  line-height: 1;\r\n  margin-bottom: 4px;\r\n}\r\n\r\n.date-month {\r\n  display: block;\r\n  font-size: 1.1em;\r\n  font-weight: 600;\r\n  color: #646970;\r\n  text-transform: uppercase;\r\n  letter-spacing: 1px;\r\n}\r\n\r\n.date-label {\r\n  font-size: 0.95em;\r\n  font-weight: 600;\r\n  color: #2c3338;\r\n  line-height: 1.4;\r\n  margin: 0;\r\n}\r\n\r\n.date-note {\r\n  display: block;\r\n  margin-top: 8px;\r\n  font-size: 0.8em;\r\n  color: #646970;\r\n  font-style: italic;\r\n  font-weight: 400;\r\n}\r\n\r\n@media (max-width: 600px) {\r\n  .dates-title {\r\n    font-size: 1.5em;\r\n  }\r\n  \r\n  .dates-grid {\r\n    grid-template-columns: 1fr;\r\n  }\r\n  \r\n  .date-day {\r\n    font-size: 1.8em;\r\n  }\r\n}\r\n<\/style>\r\n\r\n<!-- \ud83d\udd39 ENGLISH VERSION -->\r\n<div class=\"dates-container\">\r\n\r\n  <div class=\"dates-grid\">\r\n    \r\n    <div class=\"date-card\">\r\n      <div class=\"date-box\">\r\n        <span class=\"date-day\">15<\/span>\r\n        <span class=\"date-month\">April 2026<\/span>\r\n      <\/div>\r\n      <p class=\"date-label\">Abstract Submission<br>Deadline<\/p>\r\n    <\/div>\r\n\r\n    <div class=\"date-card\">\r\n      <div class=\"date-box\">\r\n        <span class=\"date-day\">17<\/span>\r\n        <span class=\"date-month\">April 2026<\/span>\r\n      <\/div>\r\n      <p class=\"date-label\">Announcement of<br>Accepted Papers<\/p>\r\n    <\/div>\r\n\r\n    <div class=\"date-card\">\r\n      <div class=\"date-box\">\r\n        <span class=\"date-day\">22<\/span>\r\n        <span class=\"date-month\">April 2026<\/span>\r\n      <\/div>\r\n      <p class=\"date-label\">Program<br>Announcement<\/p>\r\n    <\/div>\r\n\r\n    <div class=\"date-card\">\r\n      <div class=\"date-box\">\r\n        <span class=\"date-day\">1<\/span>\r\n        <span class=\"date-month\">June 2026<\/span>\r\n      <\/div>\r\n      <p class=\"date-label\">\r\n        Full Text Submission<br>Deadline\r\n        <span class=\"date-note\">* Optional<\/span>\r\n      <\/p>\r\n    <\/div>\r\n\r\n  <\/div>\r\n<\/div>\t\t\t\t<\/div>\n\t\t\t\t<\/div>\n\t\t\t\t\t<\/div>\n\t\t\t\t<\/div>\n\t\t<div class=\"elementor-element elementor-element-70a3825 e-flex e-con-boxed e-con e-parent\" data-id=\"70a3825\" data-element_type=\"container\" data-e-type=\"container\">\n\t\t\t\t\t<div class=\"e-con-inner\">\n\t\t\t\t<div class=\"elementor-element elementor-element-df471e5 elementor-widget elementor-widget-spacer\" data-id=\"df471e5\" data-element_type=\"widget\" data-e-type=\"widget\" data-widget_type=\"spacer.default\">\n\t\t\t\t<div class=\"elementor-widget-container\">\n\t\t\t\t\t\t\t<div class=\"elementor-spacer\">\n\t\t\t<div class=\"elementor-spacer-inner\"><\/div>\n\t\t<\/div>\n\t\t\t\t\t\t<\/div>\n\t\t\t\t<\/div>\n\t\t\t\t\t<\/div>\n\t\t\t\t<\/div>\n\t\t\t\t<\/div>","protected":false},"excerpt":{"rendered":"<p>15 Nisan 2026 \u00d6zet BildiriSon G\u00f6nderme Tarihi 17 Nisan 2026 Kabul Edilen Bildirilerin\u0130lan\u0131 22 Nisan 2026 Program\u0130lan\u0131 1 Haziran 2026 Tam MetinSon G\u00f6nderme Tarihi * \u0130ste\u011fe ba\u011fl\u0131d\u0131r 15 April 2026 Abstract SubmissionDeadline 17 April 2026 Announcement ofAccepted Papers 22 April 2026 ProgramAnnouncement 1 June 2026 Full Text SubmissionDeadline * Optional<\/p>","protected":false},"author":1,"featured_media":0,"parent":0,"menu_order":0,"comment_status":"closed","ping_status":"closed","template":"","meta":{"site-sidebar-layout":"no-sidebar","site-content-layout":"page-builder","ast-site-content-layout":"full-width-container","site-content-style":"default","site-sidebar-style":"default","ast-global-header-display":"disabled","ast-banner-title-visibility":"disabled","ast-main-header-display":"","ast-hfb-above-header-display":"","ast-hfb-below-header-display":"","ast-hfb-mobile-header-display":"","site-post-title":"disabled","ast-breadcrumbs-content":"","ast-featured-img":"disabled","footer-sml-layout":"","ast-disable-related-posts":"","theme-transparent-header-meta":"","adv-header-id-meta":"","stick-header-meta":"","header-above-stick-meta":"","header-main-stick-meta":"","header-below-stick-meta":"","astra-migrate-meta-layouts":"set","ast-page-background-enabled":"default","ast-page-background-meta":{"desktop":{"background-color":"var(--ast-global-color-4)","background-image":"","background-repeat":"repeat","background-position":"center center","background-size":"auto","background-attachment":"scroll","background-type":"","background-media":"","overlay-type":"","overlay-color":"","overlay-opacity":"","overlay-gradient":""},"tablet":{"background-color":"","background-image":"","background-repeat":"repeat","background-position":"center center","background-size":"auto","background-attachment":"scroll","background-type":"","background-media":"","overlay-type":"","overlay-color":"","overlay-opacity":"","overlay-gradient":""},"mobile":{"background-color":"","background-image":"","background-repeat":"repeat","background-position":"center center","background-size":"auto","background-attachment":"scroll","background-type":"","background-media":"","overlay-type":"","overlay-color":"","overlay-opacity":"","overlay-gradient":""}},"ast-content-background-meta":{"desktop":{"background-color":"var(--ast-global-color-5)","background-image":"","background-repeat":"repeat","background-position":"center center","background-size":"auto","background-attachment":"scroll","background-type":"","background-media":"","overlay-type":"","overlay-color":"","overlay-opacity":"","overlay-gradient":""},"tablet":{"background-color":"var(--ast-global-color-5)","background-image":"","background-repeat":"repeat","background-position":"center center","background-size":"auto","background-attachment":"scroll","background-type":"","background-media":"","overlay-type":"","overlay-color":"","overlay-opacity":"","overlay-gradient":""},"mobile":{"background-color":"var(--ast-global-color-5)","background-image":"","background-repeat":"repeat","background-position":"center center","background-size":"auto","background-attachment":"scroll","background-type":"","background-media":"","overlay-type":"","overlay-color":"","overlay-opacity":"","overlay-gradient":""}},"footnotes":""},"class_list":["post-4618","page","type-page","status-publish","hentry"],"_links":{"self":[{"href":"https:\/\/tamuskon.org\/en\/wp-json\/wp\/v2\/pages\/4618","targetHints":{"allow":["GET"]}}],"collection":[{"href":"https:\/\/tamuskon.org\/en\/wp-json\/wp\/v2\/pages"}],"about":[{"href":"https:\/\/tamuskon.org\/en\/wp-json\/wp\/v2\/types\/page"}],"author":[{"embeddable":true,"href":"https:\/\/tamuskon.org\/en\/wp-json\/wp\/v2\/users\/1"}],"replies":[{"embeddable":true,"href":"https:\/\/tamuskon.org\/en\/wp-json\/wp\/v2\/comments?post=4618"}],"version-history":[{"count":30,"href":"https:\/\/tamuskon.org\/en\/wp-json\/wp\/v2\/pages\/4618\/revisions"}],"predecessor-version":[{"id":8398,"href":"https:\/\/tamuskon.org\/en\/wp-json\/wp\/v2\/pages\/4618\/revisions\/8398"}],"wp:attachment":[{"href":"https:\/\/tamuskon.org\/en\/wp-json\/wp\/v2\/media?parent=4618"}],"curies":[{"name":"wp","href":"https:\/\/api.w.org\/{rel}","templated":true}]}}