{"id":4606,"date":"2024-03-14T18:46:16","date_gmt":"2024-03-14T15:46:16","guid":{"rendered":"https:\/\/tamuskon.org\/?page_id=4606"},"modified":"2026-03-05T17:03:50","modified_gmt":"2026-03-05T14:03:50","slug":"yazim-kurallari","status":"publish","type":"page","link":"https:\/\/tamuskon.org\/en\/yazim-kurallari\/","title":{"rendered":"Writing Rules"},"content":{"rendered":"<div data-elementor-type=\"wp-page\" data-elementor-id=\"4606\" class=\"elementor elementor-4606\" data-elementor-post-type=\"page\">\n\t\t\t\t<div class=\"elementor-element elementor-element-7ff9739 e-con-full e-flex e-con e-parent\" data-id=\"7ff9739\" data-element_type=\"container\" data-e-type=\"container\" data-settings=\"{&quot;background_background&quot;:&quot;classic&quot;}\">\n\t\t\t\t<div class=\"elementor-element elementor-element-37fa070e elementor-widget elementor-widget-spacer\" data-id=\"37fa070e\" data-element_type=\"widget\" data-e-type=\"widget\" data-widget_type=\"spacer.default\">\n\t\t\t\t<div class=\"elementor-widget-container\">\n\t\t\t\t\t\t\t<div class=\"elementor-spacer\">\n\t\t\t<div class=\"elementor-spacer-inner\"><\/div>\n\t\t<\/div>\n\t\t\t\t\t\t<\/div>\n\t\t\t\t<\/div>\n\t\t\t\t<div class=\"elementor-element elementor-element-3ccc1397 elementor-widget elementor-widget-heading\" data-id=\"3ccc1397\" data-element_type=\"widget\" data-e-type=\"widget\" data-widget_type=\"heading.default\">\n\t\t\t\t<div class=\"elementor-widget-container\">\n\t\t\t\t\t<h2 class=\"elementor-heading-title elementor-size-default\">Writing Rules<\/h2>\t\t\t\t<\/div>\n\t\t\t\t<\/div>\n\t\t\t\t<\/div>\n\t\t<div class=\"elementor-element elementor-element-e278f83 e-flex e-con-boxed e-con e-parent\" data-id=\"e278f83\" data-element_type=\"container\" data-e-type=\"container\">\n\t\t\t\t\t<div class=\"e-con-inner\">\n\t\t\t\t<div class=\"elementor-element elementor-element-96750ad elementor-widget elementor-widget-spacer\" data-id=\"96750ad\" data-element_type=\"widget\" data-e-type=\"widget\" data-widget_type=\"spacer.default\">\n\t\t\t\t<div class=\"elementor-widget-container\">\n\t\t\t\t\t\t\t<div class=\"elementor-spacer\">\n\t\t\t<div class=\"elementor-spacer-inner\"><\/div>\n\t\t<\/div>\n\t\t\t\t\t\t<\/div>\n\t\t\t\t<\/div>\n\t\t\t\t\t<\/div>\n\t\t\t\t<\/div>\n\t\t<div class=\"elementor-element elementor-element-454dfb4 e-flex e-con-boxed e-con e-parent\" data-id=\"454dfb4\" data-element_type=\"container\" data-e-type=\"container\">\n\t\t\t\t\t<div class=\"e-con-inner\">\n\t\t\t\t<div class=\"elementor-element elementor-element-08c4c7e elementor-widget elementor-widget-heading\" data-id=\"08c4c7e\" data-element_type=\"widget\" data-e-type=\"widget\" data-widget_type=\"heading.default\">\n\t\t\t\t<div class=\"elementor-widget-container\">\n\t\t\t\t\t<h2 class=\"elementor-heading-title elementor-size-default\">Abstract<\/h2>\t\t\t\t<\/div>\n\t\t\t\t<\/div>\n\t\t\t\t<div class=\"elementor-element elementor-element-4897ded elementor-widget-divider--view-line elementor-widget elementor-widget-divider\" data-id=\"4897ded\" data-element_type=\"widget\" data-e-type=\"widget\" data-widget_type=\"divider.default\">\n\t\t\t\t<div class=\"elementor-widget-container\">\n\t\t\t\t\t\t\t<div class=\"elementor-divider\">\n\t\t\t<span class=\"elementor-divider-separator\">\n\t\t\t\t\t\t<\/span>\n\t\t<\/div>\n\t\t\t\t\t\t<\/div>\n\t\t\t\t<\/div>\n\t\t\t\t\t<\/div>\n\t\t\t\t<\/div>\n\t\t<div class=\"elementor-element elementor-element-91cf266 e-flex e-con-boxed e-con e-parent\" data-id=\"91cf266\" data-element_type=\"container\" data-e-type=\"container\">\n\t\t\t\t\t<div class=\"e-con-inner\">\n\t\t\t\t<div class=\"elementor-element elementor-element-c468c35 elementor-widget elementor-widget-text-editor\" data-id=\"c468c35\" data-element_type=\"widget\" data-e-type=\"widget\" data-widget_type=\"text-editor.default\">\n\t\t\t\t<div class=\"elementor-widget-container\">\n\t\t\t\t\t\t\t\t\t<ul><li class=\"translation-block\">The abstract, <strong>\u00a0must be written in both Turkish and English languages.<\/strong> Our editors assist participants from abroad for Turkish abstracts.<\/li><li class=\"translation-block\">The <strong>abstract should consist of at least 250 and at most 500 words,<\/strong> including the purpose, method, findings, conclusion and recommendations. It should be written as a single paragraph without using subheadings.<\/li><li>There must be keywords consisting of 5 words, with one line space left under the abstract.<\/li><li>Abstract text and keywords must be justified on both sides.<\/li><li>Title must be written in Calibri font with the first letter of the capitalized, size 11 and all in bold.\u00a0<\/li><li>Author names must be written just below the title and footnotes should be given for each author.<\/li><li>In the footnote section, the institution, department, title, e-mail address and ORCID number of the author must be specified.<\/li><li>Abstracts must be prepared in Word format (.docx, doc). It should not be uploaded to the system in a format such as PDF.<\/li><\/ul>\t\t\t\t\t\t\t\t<\/div>\n\t\t\t\t<\/div>\n\t\t\t\t\t<\/div>\n\t\t\t\t<\/div>\n\t\t<div class=\"elementor-element elementor-element-2239543 e-flex e-con-boxed e-con e-parent\" data-id=\"2239543\" data-element_type=\"container\" data-e-type=\"container\">\n\t\t\t\t\t<div class=\"e-con-inner\">\n\t\t\t\t<div class=\"elementor-element elementor-element-1939a3b elementor-widget elementor-widget-image\" data-id=\"1939a3b\" data-element_type=\"widget\" data-e-type=\"widget\" data-widget_type=\"image.default\">\n\t\t\t\t<div class=\"elementor-widget-container\">\n\t\t\t\t\t\t\t\t\t\t\t\t\t\t\t<img fetchpriority=\"high\" decoding=\"async\" width=\"891\" height=\"502\" src=\"https:\/\/tamuskon.org\/wp-content\/uploads\/2024\/03\/tamuskon-template.png\" class=\"attachment-large size-large wp-image-4611\" alt=\"\" srcset=\"https:\/\/tamuskon.org\/wp-content\/uploads\/2024\/03\/tamuskon-template.png 968w, https:\/\/tamuskon.org\/wp-content\/uploads\/2024\/03\/tamuskon-template-300x214.png 300w, https:\/\/tamuskon.org\/wp-content\/uploads\/2024\/03\/tamuskon-template-768x547.png 768w, https:\/\/tamuskon.org\/wp-content\/uploads\/2024\/03\/tamuskon-template-18x12.png 18w\" sizes=\"(max-width: 891px) 100vw, 891px\" \/>\t\t\t\t\t\t\t\t\t\t\t\t\t\t\t<\/div>\n\t\t\t\t<\/div>\n\t\t\t\t\t<\/div>\n\t\t\t\t<\/div>\n\t\t<div class=\"elementor-element elementor-element-587e551 e-flex e-con-boxed e-con e-parent\" data-id=\"587e551\" data-element_type=\"container\" data-e-type=\"container\">\n\t\t\t\t\t<div class=\"e-con-inner\">\n\t\t\t\t<div class=\"elementor-element elementor-element-0bb6ed1 elementor-widget elementor-widget-spacer\" data-id=\"0bb6ed1\" data-element_type=\"widget\" data-e-type=\"widget\" data-widget_type=\"spacer.default\">\n\t\t\t\t<div class=\"elementor-widget-container\">\n\t\t\t\t\t\t\t<div class=\"elementor-spacer\">\n\t\t\t<div class=\"elementor-spacer-inner\"><\/div>\n\t\t<\/div>\n\t\t\t\t\t\t<\/div>\n\t\t\t\t<\/div>\n\t\t\t\t\t<\/div>\n\t\t\t\t<\/div>\n\t\t<div class=\"elementor-element elementor-element-30c234a e-flex e-con-boxed e-con e-parent\" data-id=\"30c234a\" data-element_type=\"container\" data-e-type=\"container\">\n\t\t\t\t\t<div class=\"e-con-inner\">\n\t\t\t\t<div class=\"elementor-element elementor-element-6d61da4 elementor-widget elementor-widget-heading\" data-id=\"6d61da4\" data-element_type=\"widget\" data-e-type=\"widget\" data-widget_type=\"heading.default\">\n\t\t\t\t<div class=\"elementor-widget-container\">\n\t\t\t\t\t<h2 class=\"elementor-heading-title elementor-size-default\">Full Text<\/h2>\t\t\t\t<\/div>\n\t\t\t\t<\/div>\n\t\t\t\t<div class=\"elementor-element elementor-element-740ecba elementor-widget-divider--view-line elementor-widget elementor-widget-divider\" data-id=\"740ecba\" data-element_type=\"widget\" data-e-type=\"widget\" data-widget_type=\"divider.default\">\n\t\t\t\t<div class=\"elementor-widget-container\">\n\t\t\t\t\t\t\t<div class=\"elementor-divider\">\n\t\t\t<span class=\"elementor-divider-separator\">\n\t\t\t\t\t\t<\/span>\n\t\t<\/div>\n\t\t\t\t\t\t<\/div>\n\t\t\t\t<\/div>\n\t\t\t\t\t<\/div>\n\t\t\t\t<\/div>\n\t\t<div class=\"elementor-element elementor-element-362dd3c e-flex e-con-boxed e-con e-parent\" data-id=\"362dd3c\" data-element_type=\"container\" data-e-type=\"container\">\n\t\t\t\t\t<div class=\"e-con-inner\">\n\t\t\t\t<div class=\"elementor-element elementor-element-6597f0f elementor-widget elementor-widget-text-editor\" data-id=\"6597f0f\" data-element_type=\"widget\" data-e-type=\"widget\" data-widget_type=\"text-editor.default\">\n\t\t\t\t<div class=\"elementor-widget-container\">\n\t\t\t\t\t\t\t\t\t<ul><li>Full texts of the paper must include a Turkish and English title, abstract and keywords.<\/li><li>The names of the authors must be added under the title and the details of the authors should be included in the footnote.<\/li><li>In the full text, main and sub-headings must be used and these headings must be numbered in order to provide a regular information transfer.<\/li><li class=\"translation-block\">Full texts of the papers must be prepared according to the <strong>7th edition of the American Psychological Association (APA). <\/strong><\/li><\/ul>\t\t\t\t\t\t\t\t<\/div>\n\t\t\t\t<\/div>\n\t\t\t\t\t<\/div>\n\t\t\t\t<\/div>\n\t\t<div class=\"elementor-element elementor-element-dbb3d0c e-flex e-con-boxed e-con e-parent\" data-id=\"dbb3d0c\" data-element_type=\"container\" data-e-type=\"container\">\n\t\t\t\t\t<div class=\"e-con-inner\">\n\t\t\t\t<div class=\"elementor-element elementor-element-838b6c1 elementor-widget elementor-widget-spacer\" data-id=\"838b6c1\" data-element_type=\"widget\" data-e-type=\"widget\" data-widget_type=\"spacer.default\">\n\t\t\t\t<div class=\"elementor-widget-container\">\n\t\t\t\t\t\t\t<div class=\"elementor-spacer\">\n\t\t\t<div class=\"elementor-spacer-inner\"><\/div>\n\t\t<\/div>\n\t\t\t\t\t\t<\/div>\n\t\t\t\t<\/div>\n\t\t\t\t\t<\/div>\n\t\t\t\t<\/div>\n\t\t\t\t<\/div>","protected":false},"excerpt":{"rendered":"<p>Bildiri \u00d6zeti Bildiri \u00f6zeti metni,\u00a0T\u00fcrk\u00e7e ve \u0130ngilizce her iki dilde yaz\u0131lmal\u0131d\u0131r. Bildiri \u00f6zeti ama\u00e7, y\u00f6ntem, bulgular, sonu\u00e7 ve \u00f6nerileri i\u00e7erecek \u015fekilde\u00a0en az 250 en fazla 500 kelimeden olu\u015fmal\u0131d\u0131r.\u00a0Alt ba\u015fl\u0131k kullan\u0131lmadan tek paragraf olarak yaz\u0131lmal\u0131d\u0131r. \u00d6zetin alt\u0131nda bir sat\u0131r bo\u015fluk b\u0131rak\u0131larak, 5 s\u00f6zc\u00fckten olu\u015fan anahtar kelimeler (keywords) verilmelidir. \u00d6zet metni ve anahtar kelimeler her iki tarafa [&hellip;]<\/p>\n","protected":false},"author":1,"featured_media":0,"parent":0,"menu_order":0,"comment_status":"closed","ping_status":"closed","template":"","meta":{"site-sidebar-layout":"no-sidebar","site-content-layout":"page-builder","ast-site-content-layout":"full-width-container","site-content-style":"default","site-sidebar-style":"default","ast-global-header-display":"disabled","ast-banner-title-visibility":"disabled","ast-main-header-display":"","ast-hfb-above-header-display":"","ast-hfb-below-header-display":"","ast-hfb-mobile-header-display":"","site-post-title":"disabled","ast-breadcrumbs-content":"","ast-featured-img":"disabled","footer-sml-layout":"","ast-disable-related-posts":"","theme-transparent-header-meta":"","adv-header-id-meta":"","stick-header-meta":"","header-above-stick-meta":"","header-main-stick-meta":"","header-below-stick-meta":"","astra-migrate-meta-layouts":"set","ast-page-background-enabled":"default","ast-page-background-meta":{"desktop":{"background-color":"var(--ast-global-color-4)","background-image":"","background-repeat":"repeat","background-position":"center center","background-size":"auto","background-attachment":"scroll","background-type":"","background-media":"","overlay-type":"","overlay-color":"","overlay-opacity":"","overlay-gradient":""},"tablet":{"background-color":"","background-image":"","background-repeat":"repeat","background-position":"center center","background-size":"auto","background-attachment":"scroll","background-type":"","background-media":"","overlay-type":"","overlay-color":"","overlay-opacity":"","overlay-gradient":""},"mobile":{"background-color":"","background-image":"","background-repeat":"repeat","background-position":"center center","background-size":"auto","background-attachment":"scroll","background-type":"","background-media":"","overlay-type":"","overlay-color":"","overlay-opacity":"","overlay-gradient":""}},"ast-content-background-meta":{"desktop":{"background-color":"var(--ast-global-color-5)","background-image":"","background-repeat":"repeat","background-position":"center center","background-size":"auto","background-attachment":"scroll","background-type":"","background-media":"","overlay-type":"","overlay-color":"","overlay-opacity":"","overlay-gradient":""},"tablet":{"background-color":"var(--ast-global-color-5)","background-image":"","background-repeat":"repeat","background-position":"center center","background-size":"auto","background-attachment":"scroll","background-type":"","background-media":"","overlay-type":"","overlay-color":"","overlay-opacity":"","overlay-gradient":""},"mobile":{"background-color":"var(--ast-global-color-5)","background-image":"","background-repeat":"repeat","background-position":"center center","background-size":"auto","background-attachment":"scroll","background-type":"","background-media":"","overlay-type":"","overlay-color":"","overlay-opacity":"","overlay-gradient":""}},"footnotes":""},"class_list":["post-4606","page","type-page","status-publish","hentry"],"_links":{"self":[{"href":"https:\/\/tamuskon.org\/en\/wp-json\/wp\/v2\/pages\/4606","targetHints":{"allow":["GET"]}}],"collection":[{"href":"https:\/\/tamuskon.org\/en\/wp-json\/wp\/v2\/pages"}],"about":[{"href":"https:\/\/tamuskon.org\/en\/wp-json\/wp\/v2\/types\/page"}],"author":[{"embeddable":true,"href":"https:\/\/tamuskon.org\/en\/wp-json\/wp\/v2\/users\/1"}],"replies":[{"embeddable":true,"href":"https:\/\/tamuskon.org\/en\/wp-json\/wp\/v2\/comments?post=4606"}],"version-history":[{"count":15,"href":"https:\/\/tamuskon.org\/en\/wp-json\/wp\/v2\/pages\/4606\/revisions"}],"predecessor-version":[{"id":8411,"href":"https:\/\/tamuskon.org\/en\/wp-json\/wp\/v2\/pages\/4606\/revisions\/8411"}],"wp:attachment":[{"href":"https:\/\/tamuskon.org\/en\/wp-json\/wp\/v2\/media?parent=4606"}],"curies":[{"name":"wp","href":"https:\/\/api.w.org\/{rel}","templated":true}]}}